{"id":38,"date":"2025-09-01T12:07:33","date_gmt":"2025-09-01T10:07:33","guid":{"rendered":"https:\/\/isc-cm.com\/?page_id=38"},"modified":"2025-09-28T11:50:50","modified_gmt":"2025-09-28T09:50:50","slug":"a-propos","status":"publish","type":"page","link":"https:\/\/isc-cm.com\/en\/a-propos\/","title":{"rendered":"a propos"},"content":{"rendered":"<div class=\"wp-block-cover alignfull\" style=\"min-height:350px;aspect-ratio:unset;\"><img fetchpriority=\"high\" decoding=\"async\" width=\"512\" height=\"268\" class=\"wp-block-cover__image-background wp-image-215 size-full\" alt=\"\" src=\"https:\/\/isc-cm.com\/wp-content\/uploads\/2025\/09\/about-page-2.png\" style=\"object-position:49% 65%\" data-object-fit=\"cover\" data-object-position=\"49% 65%\"\/><span aria-hidden=\"true\" class=\"wp-block-cover__background has-background-dim-70 has-background-dim\" style=\"background-color:#1b253d\"><\/span><div class=\"wp-block-cover__inner-container has-global-padding is-layout-constrained wp-block-cover-is-layout-constrained\">\n<div style=\"height:100px\" aria-hidden=\"true\" class=\"wp-block-spacer\"><\/div>\n\n\n\n<h2 class=\"wp-block-heading has-text-align-center has-text-color has-link-color has-cormorant-font-family wp-elements-57ab3fe73e580de0e0de0633c8947334\" style=\"color:#ffffff;font-size:clamp(38.253px, 2.391rem + ((1vw - 3.2px) * 3.721), 71px);font-style:normal;font-weight:400;text-transform:uppercase\">About Us<\/h2>\n<\/div><\/div>\n\n\n\n<div style=\"height:40px\" aria-hidden=\"true\" class=\"wp-block-spacer\"><\/div>\n\n\n\n<div class=\"wp-block-group alignfull has-global-padding is-layout-constrained wp-container-core-group-is-layout-69b77912 wp-block-group-is-layout-constrained\" style=\"margin-top:0px;margin-bottom:0px;padding-top:0rem;padding-right:0;padding-left:0\">\n<div class=\"wp-block-columns are-vertically-aligned-center is-layout-flex wp-container-core-columns-is-layout-9a69a8c5 wp-block-columns-is-layout-flex\" style=\"margin-top:0px;margin-bottom:0px;padding-right:0px;padding-left:0px\">\n<div class=\"wp-block-column is-vertically-aligned-center is-layout-flow wp-block-column-is-layout-flow\" style=\"padding-right:0px;padding-left:0px;flex-basis:50%\">\n<div class=\"wp-block-cover is-light\" style=\"padding-top:0px;padding-right:0px;padding-bottom:0px;padding-left:0px\"><img decoding=\"async\" width=\"935\" height=\"906\" class=\"wp-block-cover__image-background wp-image-379 size-full\" alt=\"\" src=\"https:\/\/isc-cm.com\/wp-content\/uploads\/2025\/09\/about_3.png\" data-object-fit=\"cover\" srcset=\"https:\/\/isc-cm.com\/wp-content\/uploads\/2025\/09\/about_3.png 935w, https:\/\/isc-cm.com\/wp-content\/uploads\/2025\/09\/about_3-300x291.png 300w, https:\/\/isc-cm.com\/wp-content\/uploads\/2025\/09\/about_3-768x744.png 768w\" sizes=\"(max-width: 935px) 100vw, 935px\" \/><span aria-hidden=\"true\" class=\"wp-block-cover__background has-background-dim-0 has-background-dim\" style=\"background-color:#9b868d\"><\/span><div class=\"wp-block-cover__inner-container is-layout-flow wp-block-cover-is-layout-flow\">\n<p class=\"has-text-align-center has-large-font-size\"><\/p>\n<\/div><\/div>\n<\/div>\n\n\n\n<div class=\"wp-block-column is-vertically-aligned-center has-global-padding is-content-justification-left is-layout-constrained wp-container-core-column-is-layout-4b436176 wp-block-column-is-layout-constrained\" style=\"padding-right:0rem;padding-left:0rem\">\n<div class=\"wp-block-group has-global-padding is-layout-constrained wp-container-core-group-is-layout-8a408120 wp-block-group-is-layout-constrained\" style=\"margin-top:0px;margin-bottom:2rem;padding-right:1rem;padding-left:1rem;line-height:0.5\">\n<h2 class=\"wp-block-heading has-text-align-left has-text-color has-cormorant-font-family\" style=\"color:#5656f6;margin-bottom:0rem;padding-bottom:0px;font-size:clamp(1.696rem, 1.696rem + ((1vw - 0.2rem) * 2.189), 2.9rem);font-style:normal;font-weight:500;line-height:2;text-transform:uppercase\">Who we are<\/h2>\n\n\n\n<figure class=\"wp-block-image size-large is-resized\"><img decoding=\"async\" src=\"https:\/\/tyler.com\/wp-content\/uploads\/2023\/11\/stone-line.svg\" alt=\"\" class=\"wp-image-1468\" style=\"object-fit:cover;width:200px;height:3px\"\/><\/figure>\n\n\n\n<p class=\"has-text-color\" style=\"color:#3f3f3f;font-size:clamp(0.875rem, 0.875rem + ((1vw - 0.2rem) * 0.409), 1.1rem);font-style:normal;font-weight:400;line-height:1.5\">Established with the aim of providing products and services that meet international norms and standards, Industrial Solution Cameroon offers to assist you in the execution of maintenance and new project works.<\/p>\n\n\n\n<p class=\"has-text-color\" style=\"color:#3f3f3f;font-size:clamp(0.875rem, 0.875rem + ((1vw - 0.2rem) * 0.409), 1.1rem);font-style:normal;font-weight:400;line-height:1.5\">Made of engineers and technicians from different fields, Industrial Solution Cameroon puts at your disposal its experience and know-how in the fields of civil engineering, metal construction, anti-corrosion treatment, scaffolding etc\u2026<\/p>\n\n\n\n<p class=\"has-text-color\" style=\"color:#3f3f3f;font-size:clamp(0.875rem, 0.875rem + ((1vw - 0.2rem) * 0.409), 1.1rem);font-style:normal;font-weight:400;line-height:1.5\">To your needs, we place at your disposal adapted value-added solutions, while taking into account your cost, quality and deadline constraints.<\/p>\n<\/div>\n<\/div>\n<\/div>\n<\/div>\n\n\n\n<div style=\"height:40px\" aria-hidden=\"true\" class=\"wp-block-spacer\"><\/div>\n\n\n\n<div class=\"wp-block-group alignfull has-background has-global-padding is-layout-constrained wp-container-core-group-is-layout-6e824401 wp-block-group-is-layout-constrained\" style=\"background-color:#1b253d;margin-top:0;margin-bottom:0\">\n<div class=\"wp-block-uagb-advanced-heading uagb-block-1b39d321\"><h2 class=\"uagb-heading-text\">Our commitments<\/h2><div class=\"uagb-separator\"><\/div><\/div>\n\n\n\n<div class=\"wp-block-columns has-background is-layout-flex wp-container-core-columns-is-layout-bb8eb260 wp-block-columns-is-layout-flex\" style=\"background-color:#1b253d;padding-top:70px;padding-right:20px;padding-bottom:70px;padding-left:20px\">\n<div class=\"wp-block-column is-layout-flow wp-container-core-column-is-layout-fe0e2ea3 wp-block-column-is-layout-flow\">\n<h3 class=\"wp-block-heading has-text-color\" style=\"color:#5656f6;font-size:clamp(16.293px, 1.018rem + ((1vw - 3.2px) * 0.989), 25px);font-style:normal;font-weight:600\"><em><strong><em><strong><em><strong>Health and safety<\/strong><\/em><\/strong><\/em><\/strong><\/em><\/h3>\n\n\n\n<p class=\"has-text-color translation-block\" style=\"color:#ffffff;font-size:clamp(14px, 0.875rem + ((1vw - 3.2px) * 0.227), 16px);\">Ensuring health and safety within the scope of our activities is our top priority. We therefore are committed to the development and growth of our health and safety culture, with zero accident as objective. This development involves the identification, prevention and control of risks. Our safety approach is based on communication and awareness-raising amongst all interested parties.<\/p>\n<\/div>\n\n\n\n<div class=\"wp-block-column is-layout-flow wp-container-core-column-is-layout-fe0e2ea3 wp-block-column-is-layout-flow\">\n<div class=\"wp-block-uagb-image uagb-block-4757a59c wp-block-uagb-image--layout-default wp-block-uagb-image--effect-static wp-block-uagb-image--align-none\"><figure class=\"wp-block-uagb-image__figure\"><img loading=\"lazy\" decoding=\"async\" srcset=\"https:\/\/isc-cm.com\/wp-content\/uploads\/2025\/09\/Engagement.png ,https:\/\/isc-cm.com\/wp-content\/uploads\/2025\/09\/Engagement.png 780w, https:\/\/isc-cm.com\/wp-content\/uploads\/2025\/09\/Engagement.png 360w\" sizes=\"auto, (max-width: 480px) 150px\" src=\"https:\/\/isc-cm.com\/wp-content\/uploads\/2025\/09\/Engagement.png\" alt=\"\" class=\"uag-image-154\" width=\"500\" height=\"300\" title=\"Engagement\" role=\"img\"\/><\/figure><\/div>\n<\/div>\n<\/div>\n\n\n\n<div class=\"wp-block-columns has-background is-layout-flex wp-container-core-columns-is-layout-bb8eb260 wp-block-columns-is-layout-flex\" style=\"background-color:#1b253d;padding-top:70px;padding-right:20px;padding-bottom:70px;padding-left:20px\">\n<div class=\"wp-block-column is-layout-flow wp-container-core-column-is-layout-fe0e2ea3 wp-block-column-is-layout-flow\">\n<div class=\"wp-block-uagb-image uagb-block-a7220768 wp-block-uagb-image--layout-default wp-block-uagb-image--effect-static wp-block-uagb-image--align-none\"><figure class=\"wp-block-uagb-image__figure\"><img loading=\"lazy\" decoding=\"async\" srcset=\"https:\/\/isc-cm.com\/wp-content\/uploads\/2025\/09\/qualite.png ,https:\/\/isc-cm.com\/wp-content\/uploads\/2025\/09\/qualite.png 780w, https:\/\/isc-cm.com\/wp-content\/uploads\/2025\/09\/qualite.png 360w\" sizes=\"auto, (max-width: 480px) 150px\" src=\"https:\/\/isc-cm.com\/wp-content\/uploads\/2025\/09\/qualite.png\" alt=\"\" class=\"uag-image-176\" width=\"500\" height=\"300\" title=\"qualit\u00e9\" role=\"img\"\/><\/figure><\/div>\n<\/div>\n\n\n\n<div class=\"wp-block-column is-layout-flow wp-container-core-column-is-layout-fe0e2ea3 wp-block-column-is-layout-flow\">\n<h3 class=\"wp-block-heading has-text-color\" style=\"color:#5656f6;font-size:clamp(16.293px, 1.018rem + ((1vw - 3.2px) * 0.989), 25px);font-style:normal;font-weight:600\"><em><strong><em><strong><em><strong><em><strong>Quality<\/strong><\/em><\/strong><\/em><\/strong><\/em><\/strong><\/em><\/h3>\n\n\n\n<p class=\"has-text-color\" style=\"color:#ffffff;font-size:clamp(14px, 0.875rem + ((1vw - 3.2px) * 0.227), 16px);\">We are firmly committed to providing absolute customer satisfaction, through the effective implementation of our quality management system based on ISO 9001 version 2015. This enables us to guarantee compliance with your specifications and regulations.<\/p>\n<\/div>\n<\/div>\n<\/div>\n\n\n\n<div class=\"wp-block-cover alignfull is-light\" style=\"margin-top:0;margin-bottom:0;padding-top:120px;padding-bottom:100px\"><span aria-hidden=\"true\" class=\"wp-block-cover__background has-white-background-color has-background-dim-100 has-background-dim\"><\/span><div class=\"wp-block-cover__inner-container has-global-padding is-layout-constrained wp-container-core-cover-is-layout-dfa9bee3 wp-block-cover-is-layout-constrained\">\n<div class=\"wp-block-uagb-advanced-heading uagb-block-139e00ee\"><h2 class=\"uagb-heading-text\"><strong>Our values<\/strong><\/h2><div class=\"uagb-separator\"><\/div><\/div>\n\n\n\n<div class=\"wp-block-columns is-layout-flex wp-container-core-columns-is-layout-dab8da8d wp-block-columns-is-layout-flex\">\n<div class=\"wp-block-column is-layout-flow wp-block-column-is-layout-flow\">\n<div class=\"wp-block-uagb-image uagb-block-b1be5aef wp-block-uagb-image--layout-default wp-block-uagb-image--effect-static wp-block-uagb-image--align-none\"><figure class=\"wp-block-uagb-image__figure\"><img loading=\"lazy\" decoding=\"async\" srcset=\"https:\/\/isc-cm.com\/wp-content\/uploads\/2025\/09\/satisfaction-1.png ,https:\/\/isc-cm.com\/wp-content\/uploads\/2025\/09\/satisfaction-1.png 780w, https:\/\/isc-cm.com\/wp-content\/uploads\/2025\/09\/satisfaction-1.png 360w\" sizes=\"auto, (max-width: 480px) 150px\" src=\"https:\/\/isc-cm.com\/wp-content\/uploads\/2025\/09\/satisfaction-1.png\" alt=\"\" class=\"uag-image-160\" width=\"446\" height=\"426\" title=\"satisfaction-1\" role=\"img\"\/><\/figure><\/div>\n\n\n\n<p class=\"has-text-color\" style=\"color:#5e5b5b;margin-top:40px;font-size:clamp(14.082px, 0.88rem + ((1vw - 3.2px) * 0.786), 21px);font-style:normal;font-weight:700\">Our values reflect our company\u2019s culture. They are embedded in our daily actions and activities; they structure our approach and form the basis of our unique value statement, enabling us to make a difference.<\/p>\n<\/div>\n\n\n\n<div class=\"wp-block-column is-layout-flow wp-block-column-is-layout-flow\" style=\"padding-top:0;padding-bottom:0\">\n<div class=\"wp-block-group has-background is-vertical is-layout-flex wp-container-core-group-is-layout-a0395492 wp-block-group-is-layout-flex\" style=\"border-radius:40px;background-color:#ececec;margin-top:var(--wp--preset--spacing--20);margin-bottom:var(--wp--preset--spacing--20);padding-top:48px;padding-right:48px;padding-bottom:48px;padding-left:48px\">\n<h3 class=\"wp-block-heading has-text-color\" id=\"Rfze0kDDPpjeagy7\" style=\"color:#5656f6;font-size:clamp(14.642px, 0.915rem + ((1vw - 3.2px) * 0.836), 22px);font-style:normal;font-weight:700;line-height:1;text-transform:uppercase\"><strong>Teamwork<\/strong><\/h3>\n\n\n\n<p class=\"has-text-color\" style=\"color:#000000;font-size:clamp(14px, 0.875rem + ((1vw - 3.2px) * 0.568), 19px);\">Our success is based on a collective effort to build and through brainstorming develop, and implement our know-how in an efficient manner.<\/p>\n<\/div>\n\n\n\n<div class=\"wp-block-group has-background is-vertical is-layout-flex wp-container-core-group-is-layout-189838f2 wp-block-group-is-layout-flex\" style=\"border-radius:40px;background-color:#ececec;padding-top:48px;padding-right:48px;padding-bottom:48px;padding-left:48px\">\n<h3 class=\"wp-block-heading has-text-color\" id=\"Rfze0kDDPpjeagy7\" style=\"color:#5656f6;font-size:clamp(14.642px, 0.915rem + ((1vw - 3.2px) * 0.836), 22px);font-style:normal;font-weight:700;line-height:1;text-transform:uppercase\"><strong>Expertise<\/strong><\/h3>\n\n\n\n<p class=\"has-text-color\" style=\"color:#000000;font-size:clamp(14px, 0.875rem + ((1vw - 3.2px) * 0.568), 19px);\">We earn and keep customers\u2019 trust with the knowledge we possess, the emphasis we place on quality and the respect of our commitments.<\/p>\n<\/div>\n\n\n\n<div class=\"wp-block-group has-background is-vertical is-layout-flex wp-container-core-group-is-layout-a0395492 wp-block-group-is-layout-flex\" style=\"border-radius:40px;background-color:#ececec;margin-top:var(--wp--preset--spacing--20);margin-bottom:var(--wp--preset--spacing--20);padding-top:48px;padding-right:48px;padding-bottom:48px;padding-left:48px\">\n<h3 class=\"wp-block-heading has-text-color\" id=\"Rfze0kDDPpjeagy7\" style=\"color:#5656f6;font-size:clamp(14.642px, 0.915rem + ((1vw - 3.2px) * 0.836), 22px);font-style:normal;font-weight:700;line-height:1;text-transform:uppercase\"><strong>Customer satisfaction<\/strong><\/h3>\n\n\n\n<p class=\"has-text-color\" style=\"color:#000000;font-size:clamp(14px, 0.875rem + ((1vw - 3.2px) * 0.568), 19px);\">Customer satisfaction is our core interest. It is achieved by listening, advising and assisting them, in order to understand their expectations and meet their needs.<\/p>\n<\/div>\n<\/div>\n<\/div>\n<\/div><\/div>\n\n\n\n<p><\/p>","protected":false},"excerpt":{"rendered":"<p>Qui sommes-nous N\u00e9e de la volont\u00e9 de fournir des produits et services r\u00e9pondants aux normes et standards internationaux, Industrial Solution Cameroun se propose de vous accompagner dans la r\u00e9alisation de vos projets de maintenance et de travaux neuf. Constitu\u00e9 d\u2019ing\u00e9nieurs et techniciens issue des m\u00e9tiers de l\u2019industrie et de la construction, Industrial Solution Cameroun met [&hellip;]<\/p>","protected":false},"author":1,"featured_media":0,"parent":0,"menu_order":0,"comment_status":"closed","ping_status":"closed","template":"","meta":{"_uag_custom_page_level_css":"","footnotes":""},"class_list":["post-38","page","type-page","status-publish","hentry"],"uagb_featured_image_src":{"full":false,"thumbnail":false,"medium":false,"medium_large":false,"large":false,"1536x1536":false,"2048x2048":false,"trp-custom-language-flag":false},"uagb_author_info":{"display_name":"admin","author_link":"https:\/\/isc-cm.com\/en\/author\/admin\/"},"uagb_comment_info":0,"uagb_excerpt":"Qui sommes-nous N\u00e9e de la volont\u00e9 de fournir des produits et services r\u00e9pondants aux normes et standards internationaux, Industrial Solution Cameroun se propose de vous accompagner dans la r\u00e9alisation de vos projets de maintenance et de travaux neuf. Constitu\u00e9 d\u2019ing\u00e9nieurs et techniciens issue des m\u00e9tiers de l\u2019industrie et de la construction, Industrial Solution Cameroun met&hellip;","_links":{"self":[{"href":"https:\/\/isc-cm.com\/en\/wp-json\/wp\/v2\/pages\/38","targetHints":{"allow":["GET"]}}],"collection":[{"href":"https:\/\/isc-cm.com\/en\/wp-json\/wp\/v2\/pages"}],"about":[{"href":"https:\/\/isc-cm.com\/en\/wp-json\/wp\/v2\/types\/page"}],"author":[{"embeddable":true,"href":"https:\/\/isc-cm.com\/en\/wp-json\/wp\/v2\/users\/1"}],"replies":[{"embeddable":true,"href":"https:\/\/isc-cm.com\/en\/wp-json\/wp\/v2\/comments?post=38"}],"version-history":[{"count":71,"href":"https:\/\/isc-cm.com\/en\/wp-json\/wp\/v2\/pages\/38\/revisions"}],"predecessor-version":[{"id":914,"href":"https:\/\/isc-cm.com\/en\/wp-json\/wp\/v2\/pages\/38\/revisions\/914"}],"wp:attachment":[{"href":"https:\/\/isc-cm.com\/en\/wp-json\/wp\/v2\/media?parent=38"}],"curies":[{"name":"wp","href":"https:\/\/api.w.org\/{rel}","templated":true}]}}