{"id":465,"date":"2025-09-17T11:53:55","date_gmt":"2025-09-17T09:53:55","guid":{"rendered":"https:\/\/isc-cm.com\/?page_id=465"},"modified":"2025-09-25T14:48:31","modified_gmt":"2025-09-25T12:48:31","slug":"fabrication-metallique-et-soudage","status":"publish","type":"page","link":"https:\/\/isc-cm.com\/en\/fabrication-metallique-et-soudage\/","title":{"rendered":"Metal fabrication and welding"},"content":{"rendered":"<div class=\"wp-block-cover alignfull\" style=\"min-height:350px;aspect-ratio:unset;\"><img fetchpriority=\"high\" decoding=\"async\" width=\"512\" height=\"268\" class=\"wp-block-cover__image-background wp-image-215 size-full\" alt=\"\" src=\"https:\/\/isc-cm.com\/wp-content\/uploads\/2025\/09\/about-page-2.png\" style=\"object-position:54% 79%\" data-object-fit=\"cover\" data-object-position=\"54% 79%\"\/><span aria-hidden=\"true\" class=\"wp-block-cover__background has-background-dim-40 has-background-dim\" style=\"background-color:#1b253d\"><\/span><div class=\"wp-block-cover__inner-container has-global-padding is-layout-constrained wp-container-core-cover-is-layout-4383d167 wp-block-cover-is-layout-constrained\">\n<div style=\"height:100px\" aria-hidden=\"true\" class=\"wp-block-spacer\"><\/div>\n\n\n\n<h2 class=\"wp-block-heading has-text-align-center has-text-color has-link-color has-cormorant-font-family wp-elements-e3cb2481ab2b21e39bef932d96e102af\" style=\"color:#ffffff;font-size:clamp(38.253px, 2.391rem + ((1vw - 3.2px) * 3.721), 71px);font-style:normal;font-weight:400;text-transform:uppercase\">Our Jobs<\/h2>\n<\/div><\/div>\n\n\n\n<div class=\"wp-block-cover alignfull is-light\" style=\"margin-top:0px;margin-bottom:0px;padding-top:100px;padding-bottom:100px\"><span aria-hidden=\"true\" class=\"wp-block-cover__background has-background-dim-10 has-background-dim\" style=\"background-color:#5656f6\"><\/span><div class=\"wp-block-cover__inner-container has-global-padding is-layout-constrained wp-container-core-cover-is-layout-4a608aa3 wp-block-cover-is-layout-constrained\">\n<div class=\"wp-block-columns is-layout-flex wp-container-core-columns-is-layout-9455cf7c wp-block-columns-is-layout-flex\" style=\"margin-top:0px\">\n<div class=\"wp-block-column is-layout-flow wp-container-core-column-is-layout-8a368f38 wp-block-column-is-layout-flow\" style=\"flex-basis:60%\">\n<figure class=\"wp-block-image size-full\" style=\"margin-right:var(--wp--preset--spacing--80);margin-left:var(--wp--preset--spacing--80)\"><img decoding=\"async\" width=\"512\" height=\"275\" src=\"https:\/\/isc-cm.com\/wp-content\/uploads\/2025\/09\/metal-construction.jpg\" alt=\"\" class=\"wp-image-117\" style=\"aspect-ratio:16\/9;object-fit:cover\"\/><\/figure>\n<\/div>\n\n\n\n<div class=\"wp-block-column is-vertically-aligned-center is-layout-flow wp-block-column-is-layout-flow\">\n<h2 class=\"wp-block-heading has-text-align-center has-text-color\" style=\"color:#5656f6;margin-top:0;margin-right:var(--wp--preset--spacing--40);font-size:clamp(33.419px, 2.089rem + ((1vw - 3.2px) * 3.021), 60px);font-style:normal;font-weight:400;line-height:1\">Metal fabrication and welding<\/h2>\n<\/div>\n<\/div>\n<\/div><\/div>\n\n\n\n<div class=\"wp-block-cover alignfull is-light\" style=\"margin-top:0px;margin-bottom:0px;padding-top:0.6rem;padding-bottom:0rem\"><span aria-hidden=\"true\" class=\"wp-block-cover__background has-background-dim-0 has-background-dim\"><\/span><div class=\"wp-block-cover__inner-container has-global-padding is-layout-constrained wp-container-core-cover-is-layout-76c7038f wp-block-cover-is-layout-constrained\">\n<section class=\"wp-block-group has-text-color has-global-padding is-layout-constrained wp-container-core-group-is-layout-3cc50672 wp-block-group-is-layout-constrained\" style=\"border-style:none;border-width:0px;color:#ffffff;margin-top:0px;padding-top:1rem;padding-right:1rem;padding-bottom:0rem;padding-left:1rem;font-size:clamp(0.875rem, 0.875rem + ((1vw - 0.2rem) * 0.464), 1.13rem);font-style:normal;font-weight:400;line-height:1.4\">\n<h2 class=\"wp-block-heading has-text-align-left has-text-color has-link-color wp-elements-3af4d7319a5eef88044865443c2ad5ac\" style=\"color:#5656f6;font-size:clamp(1.25rem, 1.25rem + ((1vw - 0.2rem) * 1.364), 2rem);font-style:normal;font-weight:500;letter-spacing:0px;text-transform:uppercase\">1. ENGINEERING<\/h2>\n\n\n\n<p class=\"has-text-align-left has-text-color has-link-color has-mulish-font-family wp-elements-e51d602102a7f3616183055cf332ad3f\" style=\"color:#000000;font-size:clamp(14px, 0.875rem + ((1vw - 3.2px) * 0.455), 18px);\">&nbsp;We provide design study for metallic and mixed structures, as well as their execution via our engineering office. It puts in place calculations and design tools from requirement sheet analysis to plans and execution documents.<\/p>\n\n\n\n<p class=\"has-text-align-left has-text-color has-link-color has-mulish-font-family wp-elements-89a67058a8e2e09aa9ab949cf7850147\" style=\"color:#000000;font-size:clamp(14px, 0.875rem + ((1vw - 3.2px) * 0.455), 18px);\">Il est constitu\u00e9 d\u2019ing\u00e9nieurs et de techniciens disposant de comp\u00e9tences et connaissances \u00e9largies dans les domaines de la conception d\u2019\u00e9quipements (process, m\u00e9canique), des proc\u00e9d\u00e9s de fabrication (usinage, soudure, traitement thermique, traitement de surface) et des contr\u00f4les (CND, test d\u2019\u00e9preuve, etc) compl\u00e9t\u00e9s par une grande ma\u00eetrise des codes de construction, normes et r\u00e9glementations.<\/p>\n\n\n\n<p class=\"has-text-align-left has-text-color has-link-color has-mulish-font-family wp-elements-9eea36bce1b03d42237a5bfbd3a8ba54\" style=\"color:#000000;font-size:clamp(14px, 0.875rem + ((1vw - 3.2px) * 0.455), 18px);\">We accompany you in the following activities:<\/p>\n\n\n\n<section class=\"wp-block-group alignfull has-text-color has-global-padding is-layout-constrained wp-container-core-group-is-layout-6f1d5d44 wp-block-group-is-layout-constrained\" style=\"color:#3e3e3e;margin-top:0px;padding-right:1rem;padding-bottom:5.01rem;padding-left:1rem;font-size:clamp(0.875rem, 0.875rem + ((1vw - 0.2rem) * 0.464), 1.13rem);font-style:normal;font-weight:400;line-height:1.4\">\n<div class=\"wp-block-columns is-layout-flex wp-container-core-columns-is-layout-a6921130 wp-block-columns-is-layout-flex\" style=\"margin-bottom:0px\">\n<div class=\"wp-block-column is-layout-flow wp-block-column-is-layout-flow\" style=\"flex-basis:50%\">\n<ul class=\"wp-block-list\">\n<li style=\"line-height:1.8\">Steelwork<\/li>\n\n\n\n<li>Technical assistance<\/li>\n\n\n\n<li style=\"line-height:1.8\">EXE file (calculation note, load descent, general and detailed drawings, manufacturing file, etc.)<\/li>\n\n\n\n<li style=\"line-height:1.8\">Site supervision \/ execution<\/li>\n<\/ul>\n<\/div>\n\n\n\n<div class=\"wp-block-column is-layout-flow wp-block-column-is-layout-flow\" style=\"flex-basis:50%\">\n<div class=\"wp-block-uagb-slider uagb-block-dc91ae23 uagb-slider-container\"><div class=\"uagb-slides uagb-swiper\"><div class=\"swiper-wrapper\">\n<div class=\"wp-block-uagb-slider-child uagb-slider-child-wrap swiper-slide uagb-block-74f490ad\"><div class=\"swiper-content\">\n<div class=\"wp-block-uagb-container uagb-block-520daaef alignfull uagb-is-root-container\"><div class=\"uagb-container-inner-blocks-wrap\">\n<figure class=\"wp-block-image size-full\" style=\"margin-top:0;margin-bottom:0rem\"><img decoding=\"async\" width=\"479\" height=\"256\" src=\"https:\/\/isc-cm.com\/wp-content\/uploads\/2025\/09\/slide2-1.png\" alt=\"\" class=\"wp-image-536\" style=\"aspect-ratio:4\/3;object-fit:cover\" srcset=\"https:\/\/isc-cm.com\/wp-content\/uploads\/2025\/09\/slide2-1.png 479w, https:\/\/isc-cm.com\/wp-content\/uploads\/2025\/09\/slide2-1-300x160.png 300w\" sizes=\"(max-width: 479px) 100vw, 479px\" \/><\/figure>\n<\/div><\/div>\n<\/div><\/div>\n\n\n\n<div class=\"wp-block-uagb-slider-child uagb-slider-child-wrap swiper-slide uagb-block-9b8e181a\"><div class=\"swiper-content\">\n<div class=\"wp-block-uagb-container uagb-block-923b953a alignfull uagb-is-root-container\"><div class=\"uagb-container-inner-blocks-wrap\">\n<figure class=\"wp-block-image size-full\" style=\"margin-top:0;margin-bottom:0rem\"><img loading=\"lazy\" decoding=\"async\" width=\"605\" height=\"494\" src=\"https:\/\/isc-cm.com\/wp-content\/uploads\/2025\/09\/slide1-1.png\" alt=\"\" class=\"wp-image-551\" style=\"aspect-ratio:4\/3;object-fit:cover\" srcset=\"https:\/\/isc-cm.com\/wp-content\/uploads\/2025\/09\/slide1-1.png 605w, https:\/\/isc-cm.com\/wp-content\/uploads\/2025\/09\/slide1-1-300x245.png 300w\" sizes=\"(max-width: 605px) 100vw, 605px\" \/><\/figure>\n<\/div><\/div>\n<\/div><\/div>\n\n\n\n<div class=\"wp-block-uagb-slider-child uagb-slider-child-wrap swiper-slide uagb-block-664490bd\"><div class=\"swiper-content\">\n<div class=\"wp-block-uagb-container uagb-block-53837ae0 alignfull uagb-is-root-container\"><div class=\"uagb-container-inner-blocks-wrap\">\n<figure class=\"wp-block-image size-full\" style=\"margin-top:0;margin-bottom:0rem\"><img loading=\"lazy\" decoding=\"async\" width=\"605\" height=\"398\" src=\"https:\/\/isc-cm.com\/wp-content\/uploads\/2025\/09\/slide3.png\" alt=\"\" class=\"wp-image-540\" style=\"aspect-ratio:4\/3;object-fit:cover\" srcset=\"https:\/\/isc-cm.com\/wp-content\/uploads\/2025\/09\/slide3.png 605w, https:\/\/isc-cm.com\/wp-content\/uploads\/2025\/09\/slide3-300x197.png 300w\" sizes=\"(max-width: 605px) 100vw, 605px\" \/><\/figure>\n<\/div><\/div>\n<\/div><\/div>\n<\/div><\/div><div class=\"swiper-pagination\"><\/div><div class=\"swiper-button-prev\"><\/div><div class=\"swiper-button-next\"><\/div><\/div>\n<\/div>\n<\/div>\n<\/section>\n<\/section>\n\n\n\n<section class=\"wp-block-group has-text-color has-global-padding is-layout-constrained wp-container-core-group-is-layout-3cc50672 wp-block-group-is-layout-constrained\" style=\"border-style:none;border-width:0px;color:#ffffff;margin-top:0px;padding-top:1rem;padding-right:1rem;padding-bottom:0rem;padding-left:1rem;font-size:clamp(0.875rem, 0.875rem + ((1vw - 0.2rem) * 0.464), 1.13rem);font-style:normal;font-weight:400;line-height:1.4\">\n<h2 class=\"wp-block-heading has-text-align-left has-text-color has-link-color wp-elements-808a8b30c2d15de155b87dfdb0326458\" style=\"color:#5656f6;font-size:clamp(1.25rem, 1.25rem + ((1vw - 0.2rem) * 1.364), 2rem);font-style:normal;font-weight:500;letter-spacing:0px;text-transform:uppercase\">2. Manufacturing (Boiler making-Piping-Structure)<\/h2>\n\n\n\n<p class=\"has-text-align-left has-text-color has-link-color has-mulish-font-family wp-elements-e762180a9af1fb6c9f74265f47ead26c\" style=\"color:#000000;font-size:clamp(14px, 0.875rem + ((1vw - 3.2px) * 0.455), 18px);\">&nbsp;Relying on the skills of our design office, we use our expertise to build or repair your equipment and structures in strict compliance with relevant construction codes and standards.<br>We repair, manufacture and install various structures and boiler-made equipment in carbon steel as well as in noble metals (austenitic stainless steel, duplex, cupronickel, etc.)<\/p>\n\n\n\n<p class=\"has-text-align-left has-text-color has-link-color has-mulish-font-family wp-elements-17935ddbe0e61e928575c378c7061aca\" style=\"color:#000000;font-size:clamp(14px, 0.875rem + ((1vw - 3.2px) * 0.455), 18px);\">Thanks to our internal organisation, we guarantee our products\u2019 quality and respect of deadlines. We operate on the following products :<\/p>\n\n\n\n<section class=\"wp-block-group alignfull has-text-color has-global-padding is-layout-constrained wp-container-core-group-is-layout-c5f1b76e wp-block-group-is-layout-constrained\" style=\"color:#3e3e3e;margin-top:0px;padding-right:var(--wp--preset--spacing--30);padding-bottom:5.01rem;padding-left:var(--wp--preset--spacing--40);font-size:clamp(0.875rem, 0.875rem + ((1vw - 0.2rem) * 0.464), 1.13rem);font-style:normal;font-weight:400;line-height:1.4\">\n<div class=\"wp-block-columns is-layout-flex wp-container-core-columns-is-layout-a6921130 wp-block-columns-is-layout-flex\" style=\"margin-bottom:0px\">\n<div class=\"wp-block-column is-layout-flow wp-block-column-is-layout-flow\" style=\"flex-basis:100%\">\n<ul class=\"wp-block-list\">\n<li style=\"line-height:1.8\">Steelwork<\/li>\n\n\n\n<li>Pressure vessels (Vats, tanks, piping, etc.)<\/li>\n\n\n\n<li style=\"line-height:1.8\">Lifting devices (jib, monorail, etc...) and Basket (according to DNV standards)<\/li>\n<\/ul>\n<\/div>\n<\/div>\n<\/section>\n<\/section>\n\n\n\n<section class=\"wp-block-group has-text-color has-global-padding is-layout-constrained wp-container-core-group-is-layout-3cc50672 wp-block-group-is-layout-constrained\" style=\"border-style:none;border-width:0px;color:#ffffff;margin-top:0px;padding-top:1rem;padding-right:1rem;padding-bottom:0rem;padding-left:1rem;font-size:clamp(0.875rem, 0.875rem + ((1vw - 0.2rem) * 0.464), 1.13rem);font-style:normal;font-weight:400;line-height:1.4\">\n<h2 class=\"wp-block-heading has-text-align-left has-text-color has-link-color wp-elements-2e335b021d3b4b7c15ac05840d6fa4dd\" style=\"color:#5656f6;font-size:clamp(1.25rem, 1.25rem + ((1vw - 0.2rem) * 1.364), 2rem);font-style:normal;font-weight:500;letter-spacing:0px;text-transform:uppercase\">3. Welding expertise and advice<\/h2>\n\n\n\n<p class=\"has-text-align-left has-text-color has-link-color has-mulish-font-family wp-elements-5a04cf91cc49519757e4564053a52cd1\" style=\"color:#000000;font-size:clamp(14px, 0.875rem + ((1vw - 3.2px) * 0.455), 18px);\">&nbsp;We offer to assist you in solving problems related to materials, welding and related techniques (cutting, heat treatment, etc\u2026).<br>Our added value lies on our experience and know-how in assembling materials, combined with affordable techniques to meet your technical and economic constraints.<br>We offer complete expert solutions in three main areas :<\/p>\n\n\n\n<p class=\"has-text-align-left has-text-color has-link-color has-mulish-font-family wp-elements-2f7509de02835be28cdf55e27f5859a7\" style=\"color:#000000;font-size:clamp(14px, 0.875rem + ((1vw - 3.2px) * 0.455), 18px);\"><\/p>\n\n\n\n<section class=\"wp-block-group alignfull has-text-color has-background has-link-color wp-elements-573dbdb6a62297e1b39823369174a9e5 has-global-padding is-content-justification-center is-layout-constrained wp-container-core-group-is-layout-c2dca193 wp-block-group-is-layout-constrained\" style=\"color:#000000;background-color:#ffffff;margin-top:0rem;padding-right:0;padding-left:0;font-size:clamp(0.875rem, 0.875rem + ((1vw - 0.2rem) * 0.464), 1.13rem);font-style:normal;font-weight:400;line-height:1.4\">\n<div class=\"wp-block-group has-global-padding is-layout-constrained wp-container-core-group-is-layout-a1716c4c wp-block-group-is-layout-constrained\" style=\"padding-top:0.2rem;padding-right:0px;padding-bottom:0.2rem;padding-left:0px\">\n<div class=\"wp-block-columns is-not-stacked-on-mobile is-layout-flex wp-container-core-columns-is-layout-a6526299 wp-block-columns-is-layout-flex\">\n<div class=\"wp-block-column has-global-padding is-layout-constrained wp-container-core-column-is-layout-af4ae4c3 wp-block-column-is-layout-constrained\" style=\"border-right-color:#1e293b;border-right-width:1px;padding-right:1rem;padding-left:1rem\">\n<h5 class=\"wp-block-heading has-text-align-left has-text-color has-link-color wp-elements-786dc6ccde48771eb148b0cb268b0a46\" style=\"color:#1e293b;margin-bottom:0.51rem;font-size:clamp(18.959px, 1.185rem + ((1vw - 3.2px) * 1.255), 30px);font-style:normal;font-weight:500;line-height:1.3;text-transform:none\">Assembly Expertise<\/h5>\n\n\n\n<p class=\"has-text-align-left has-text-color has-link-color wp-elements-47f0c68a7677ae5db722392189fb4dc7\" style=\"color:#334155;margin-top:0px;margin-bottom:1.77rem;font-size:clamp(14px, 0.875rem + ((1vw - 3.2px) * 0.227), 16px);line-height:1.5\">Welding Materials, Welding Consumables Selection, Welding Codes &amp; Standards, Welding Procedures, Drafting &amp; Development (DMOS \u2013 pWPS), Welding Recharges, etc\u2026<\/p>\n\n\n\n<h5 class=\"wp-block-heading has-text-align-left has-text-color has-link-color wp-elements-7d0e48ea18f89a2ec5c1f4ece91ffeee\" style=\"color:#1e293b;margin-bottom:0.51rem;font-size:clamp(18.959px, 1.185rem + ((1vw - 3.2px) * 1.255), 30px);font-style:normal;font-weight:500;line-height:1.3;text-transform:none\">Training and Support<\/h5>\n\n\n\n<p class=\"has-text-align-left has-text-color has-link-color wp-elements-a0cd9aa3feb446fbc081886c5bad841c\" style=\"color:#334155;margin-top:0px;margin-bottom:1.77rem;font-size:clamp(14px, 0.875rem + ((1vw - 3.2px) * 0.227), 16px);line-height:1.5\">Our trainers and welding experts carry out training\/retraining of your welders in welding processes, as well as assisting in the implementation a welding quality system according to your customers\u2019 specifications or following international standards such as ISO 3834<\/p>\n<\/div>\n\n\n\n<div class=\"wp-block-column has-global-padding is-content-justification-center is-layout-constrained wp-container-core-column-is-layout-cfdc1932 wp-block-column-is-layout-constrained\" style=\"border-right-style:none;border-right-width:0px;padding-right:1rem;padding-left:1rem\">\n<h5 class=\"wp-block-heading has-text-align-left has-text-color has-link-color wp-elements-c15d0e8ed24e25b34d73407da0c8b39b\" style=\"color:#1e293b;margin-bottom:0.51rem;font-size:clamp(18.959px, 1.185rem + ((1vw - 3.2px) * 1.255), 30px);font-style:normal;font-weight:500;line-height:1.3;text-transform:none\">Improvement of productivity and competitiveness<\/h5>\n\n\n\n<p class=\"has-text-align-left has-text-color has-link-color wp-elements-37ae73ead8728ac14ff74e7c4d7a0bc8\" style=\"color:#334155;margin-top:0px;margin-bottom:1.77rem;font-size:clamp(14px, 0.875rem + ((1vw - 3.2px) * 0.227), 16px);line-height:1.5\">Customised assistance including an analysis phase of your needs through the diagnosis of your production tool and environment\/industrial context, leading to the definition of an action plan and a roadmap to help your company integrate welding\/recharging technologies in order to optimise processes and productivity with the aim of improving competitiveness.<\/p>\n<\/div>\n<\/div>\n<\/div>\n<\/section>\n<\/section>\n<\/div><\/div>\n\n\n\n<section class=\"wp-block-group alignfull has-text-color has-global-padding is-layout-constrained wp-container-core-group-is-layout-6f4bd9ab wp-block-group-is-layout-constrained\" style=\"color:#3e3e3e;margin-top:0px;padding-top:0rem;padding-right:0;padding-bottom:0rem;padding-left:0;font-size:clamp(4.509rem, 4.509rem + ((1vw - 0.2rem) * 9.984), 10rem);font-style:normal;font-weight:400;line-height:1.4\">\n<div class=\"wp-block-columns is-layout-flex wp-container-core-columns-is-layout-7f9d1ca9 wp-block-columns-is-layout-flex\" style=\"margin-bottom:0px;padding-right:var(--wp--preset--spacing--50);padding-left:var(--wp--preset--spacing--50)\">\n<div class=\"wp-block-column is-layout-flow wp-block-column-is-layout-flow\" style=\"padding-top:0;padding-right:0rem;padding-bottom:0;padding-left:0rem\">\n<div class=\"wp-block-uagb-slider uagb-block-d6e9f7ee uagb-slider-container\"><div class=\"uagb-slides uagb-swiper\"><div class=\"swiper-wrapper\">\n<div class=\"wp-block-uagb-slider-child uagb-slider-child-wrap swiper-slide uagb-block-3ccdf434\"><div class=\"swiper-content\">\n<div class=\"wp-block-uagb-container uagb-block-778d1d6a alignfull uagb-is-root-container\"><div class=\"uagb-container-inner-blocks-wrap\">\n<figure class=\"wp-block-image size-full\"><img loading=\"lazy\" decoding=\"async\" width=\"300\" height=\"168\" src=\"https:\/\/isc-cm.com\/wp-content\/uploads\/2025\/09\/slide2-2.png\" alt=\"\" class=\"wp-image-567\" style=\"object-fit:cover\"\/><\/figure>\n<\/div><\/div>\n<\/div><\/div>\n\n\n\n<div class=\"wp-block-uagb-slider-child uagb-slider-child-wrap swiper-slide uagb-block-ff5af2b5\"><div class=\"swiper-content\">\n<div class=\"wp-block-uagb-container uagb-block-2df473c0 alignfull uagb-is-root-container\"><div class=\"uagb-container-inner-blocks-wrap\">\n<figure class=\"wp-block-image size-full is-resized\"><img loading=\"lazy\" decoding=\"async\" width=\"317\" height=\"159\" src=\"https:\/\/isc-cm.com\/wp-content\/uploads\/2025\/09\/slide1-2.png\" alt=\"\" class=\"wp-image-566\" style=\"width:580px\" srcset=\"https:\/\/isc-cm.com\/wp-content\/uploads\/2025\/09\/slide1-2.png 317w, https:\/\/isc-cm.com\/wp-content\/uploads\/2025\/09\/slide1-2-300x150.png 300w\" sizes=\"(max-width: 317px) 100vw, 317px\" \/><\/figure>\n<\/div><\/div>\n<\/div><\/div>\n\n\n\n<div class=\"wp-block-uagb-slider-child uagb-slider-child-wrap swiper-slide uagb-block-4a9944e8\"><div class=\"swiper-content\">\n<div class=\"wp-block-uagb-container uagb-block-77b9bead alignfull uagb-is-root-container\"><div class=\"uagb-container-inner-blocks-wrap\">\n<figure class=\"wp-block-image size-full is-resized\"><img loading=\"lazy\" decoding=\"async\" width=\"274\" height=\"184\" src=\"https:\/\/isc-cm.com\/wp-content\/uploads\/2025\/09\/slide3-1.png\" alt=\"\" class=\"wp-image-568\" style=\"width:580px\"\/><\/figure>\n<\/div><\/div>\n<\/div><\/div>\n\n\n\n<div class=\"wp-block-uagb-slider-child uagb-slider-child-wrap swiper-slide uagb-block-5aa62f72\"><div class=\"swiper-content\">\n<div class=\"wp-block-uagb-container uagb-block-a2162be3 alignfull uagb-is-root-container\"><div class=\"uagb-container-inner-blocks-wrap\">\n<figure class=\"wp-block-image size-full is-resized\"><img loading=\"lazy\" decoding=\"async\" width=\"348\" height=\"145\" src=\"https:\/\/isc-cm.com\/wp-content\/uploads\/2025\/09\/slide4-1.png\" alt=\"\" class=\"wp-image-569\" style=\"width:580px\" srcset=\"https:\/\/isc-cm.com\/wp-content\/uploads\/2025\/09\/slide4-1.png 348w, https:\/\/isc-cm.com\/wp-content\/uploads\/2025\/09\/slide4-1-300x125.png 300w\" sizes=\"(max-width: 348px) 100vw, 348px\" \/><\/figure>\n<\/div><\/div>\n<\/div><\/div>\n\n\n\n<div class=\"wp-block-uagb-slider-child uagb-slider-child-wrap swiper-slide uagb-block-6292e741\"><div class=\"swiper-content\">\n<div class=\"wp-block-uagb-container uagb-block-56995b72 alignfull uagb-is-root-container\"><div class=\"uagb-container-inner-blocks-wrap\">\n<figure class=\"wp-block-image size-full is-resized\"><img loading=\"lazy\" decoding=\"async\" width=\"262\" height=\"192\" src=\"https:\/\/isc-cm.com\/wp-content\/uploads\/2025\/09\/slide5-1.png\" alt=\"\" class=\"wp-image-570\" style=\"width:580px\"\/><\/figure>\n<\/div><\/div>\n<\/div><\/div>\n<\/div><\/div><div class=\"swiper-pagination\"><\/div><div class=\"swiper-button-prev\"><\/div><div class=\"swiper-button-next\"><\/div><\/div>\n<\/div>\n<\/div>\n<\/section>","protected":false},"excerpt":{"rendered":"","protected":false},"author":1,"featured_media":0,"parent":0,"menu_order":0,"comment_status":"closed","ping_status":"closed","template":"","meta":{"_uag_custom_page_level_css":"","footnotes":""},"class_list":["post-465","page","type-page","status-publish","hentry"],"uagb_featured_image_src":{"full":false,"thumbnail":false,"medium":false,"medium_large":false,"large":false,"1536x1536":false,"2048x2048":false,"trp-custom-language-flag":false},"uagb_author_info":{"display_name":"admin","author_link":"https:\/\/isc-cm.com\/en\/author\/admin\/"},"uagb_comment_info":0,"uagb_excerpt":null,"_links":{"self":[{"href":"https:\/\/isc-cm.com\/en\/wp-json\/wp\/v2\/pages\/465","targetHints":{"allow":["GET"]}}],"collection":[{"href":"https:\/\/isc-cm.com\/en\/wp-json\/wp\/v2\/pages"}],"about":[{"href":"https:\/\/isc-cm.com\/en\/wp-json\/wp\/v2\/types\/page"}],"author":[{"embeddable":true,"href":"https:\/\/isc-cm.com\/en\/wp-json\/wp\/v2\/users\/1"}],"replies":[{"embeddable":true,"href":"https:\/\/isc-cm.com\/en\/wp-json\/wp\/v2\/comments?post=465"}],"version-history":[{"count":68,"href":"https:\/\/isc-cm.com\/en\/wp-json\/wp\/v2\/pages\/465\/revisions"}],"predecessor-version":[{"id":759,"href":"https:\/\/isc-cm.com\/en\/wp-json\/wp\/v2\/pages\/465\/revisions\/759"}],"wp:attachment":[{"href":"https:\/\/isc-cm.com\/en\/wp-json\/wp\/v2\/media?parent=465"}],"curies":[{"name":"wp","href":"https:\/\/api.w.org\/{rel}","templated":true}]}}