{"id":469,"date":"2025-09-17T11:55:49","date_gmt":"2025-09-17T09:55:49","guid":{"rendered":"https:\/\/isc-cm.com\/?page_id=469"},"modified":"2025-09-25T14:53:12","modified_gmt":"2025-09-25T12:53:12","slug":"isolation-thermique-industrielle","status":"publish","type":"page","link":"https:\/\/isc-cm.com\/en\/isolation-thermique-industrielle\/","title":{"rendered":"Industrial thermal insulation"},"content":{"rendered":"<div class=\"wp-block-cover alignfull\" style=\"min-height:350px;aspect-ratio:unset;\"><img fetchpriority=\"high\" decoding=\"async\" width=\"512\" height=\"268\" class=\"wp-block-cover__image-background wp-image-215 size-full\" alt=\"\" src=\"https:\/\/isc-cm.com\/wp-content\/uploads\/2025\/09\/about-page-2.png\" style=\"object-position:53% 72%\" data-object-fit=\"cover\" data-object-position=\"53% 72%\"\/><span aria-hidden=\"true\" class=\"wp-block-cover__background has-background-dim-40 has-background-dim\" style=\"background-color:#1b253d\"><\/span><div class=\"wp-block-cover__inner-container has-global-padding is-layout-constrained wp-container-core-cover-is-layout-4383d167 wp-block-cover-is-layout-constrained\">\n<div style=\"height:100px\" aria-hidden=\"true\" class=\"wp-block-spacer\"><\/div>\n\n\n\n<h2 class=\"wp-block-heading has-text-align-center has-text-color has-link-color has-cormorant-font-family wp-elements-e3cb2481ab2b21e39bef932d96e102af\" style=\"color:#ffffff;font-size:clamp(38.253px, 2.391rem + ((1vw - 3.2px) * 3.721), 71px);font-style:normal;font-weight:400;text-transform:uppercase\">Our Jobs<\/h2>\n<\/div><\/div>\n\n\n\n<div class=\"wp-block-cover alignfull is-light\" style=\"margin-top:0px;margin-bottom:0px;padding-top:100px;padding-bottom:100px\"><span aria-hidden=\"true\" class=\"wp-block-cover__background has-background-dim-10 has-background-dim\" style=\"background-color:#5656f6\"><\/span><div class=\"wp-block-cover__inner-container has-global-padding is-layout-constrained wp-container-core-cover-is-layout-4a608aa3 wp-block-cover-is-layout-constrained\">\n<div class=\"wp-block-columns is-layout-flex wp-container-core-columns-is-layout-fe0b8da9 wp-block-columns-is-layout-flex\" style=\"margin-top:0px\">\n<div class=\"wp-block-column is-layout-flow wp-container-core-column-is-layout-8a368f38 wp-block-column-is-layout-flow\" style=\"flex-basis:60%\">\n<figure class=\"wp-block-image size-full\" style=\"margin-right:0;margin-left:0\"><img decoding=\"async\" width=\"786\" height=\"590\" src=\"https:\/\/isc-cm.com\/wp-content\/uploads\/2025\/09\/industrial-thermal-insulation.jpeg\" alt=\"\" class=\"wp-image-118\" style=\"aspect-ratio:16\/9;object-fit:cover\"\/><\/figure>\n<\/div>\n\n\n\n<div class=\"wp-block-column is-vertically-aligned-center is-layout-flow wp-block-column-is-layout-flow\" style=\"padding-right:var(--wp--preset--spacing--50);padding-left:0\">\n<h2 class=\"wp-block-heading has-text-align-center has-text-color\" style=\"color:#5656f6;margin-top:0;margin-right:0rem;font-size:clamp(33.419px, 2.089rem + ((1vw - 3.2px) * 3.021), 60px);font-style:normal;font-weight:400;line-height:1\">Industrial thermal insulation<\/h2>\n<\/div>\n<\/div>\n<\/div><\/div>\n\n\n\n<div class=\"wp-block-group alignfull has-global-padding is-layout-constrained wp-container-core-group-is-layout-a0493ec7 wp-block-group-is-layout-constrained\" style=\"padding-top:0rem;padding-right:20px;padding-bottom:0rem;padding-left:20px\">\n<div class=\"wp-block-columns alignwide is-layout-flex wp-container-core-columns-is-layout-9c473497 wp-block-columns-is-layout-flex\" style=\"margin-top:0rem;margin-bottom:0rem;padding-top:0.5rem;padding-right:0.5rem;padding-bottom:0.5rem;padding-left:0.5rem\">\n<div class=\"wp-block-column is-vertically-aligned-center is-layout-flow wp-container-core-column-is-layout-2c103d99 wp-block-column-is-layout-flow\" style=\"padding-right:0px;padding-left:10px;flex-basis:100%\">\n<p class=\"has-text-align-left has-text-color\" style=\"color:#000000;margin-top:20px;margin-bottom:50px;font-size:clamp(14px, 0.875rem + ((1vw - 3.2px) * 0.682), 20px);\">We assist you in the fight against energy loss via insulation techniques.<br>Our qualified teams, specialised in the field of industrial thermal insulation, are at your disposal for projects involving the insulation of hot and cold networks or for personnel protection.<\/p>\n\n\n\n<p class=\"has-text-color has-link-color wp-elements-bff595dec4391eca2258b6cf19eb1346\" style=\"color:#000000;font-size:clamp(14px, 0.875rem + ((1vw - 3.2px) * 0.682), 20px);\">We intervene within the scope of site construction projects or for renovation and maintenance work, ranging from the simplest to the most complex installations.<\/p>\n\n\n\n<p class=\"has-text-color\" style=\"color:#000000;margin-top:20px;margin-bottom:50px;font-size:clamp(14px, 0.875rem + ((1vw - 3.2px) * 0.682), 20px);\">Based on your specifications or our recommendations, we implement various insulating materials (rock wool, ceramic fibre, polyurethane injection, etc.) with the appropriate finishing coatings (isoxal sheet, stainless steel, fibreglass, etc. \u2026.) in order to best meet your needs.<\/p>\n\n\n\n<div class=\"wp-block-columns is-layout-flex wp-container-core-columns-is-layout-28f84493 wp-block-columns-is-layout-flex\">\n<div class=\"wp-block-column is-layout-flow wp-block-column-is-layout-flow\">\n<figure class=\"wp-block-image size-full\"><img decoding=\"async\" width=\"450\" height=\"600\" src=\"https:\/\/isc-cm.com\/wp-content\/uploads\/2025\/09\/img1.png\" alt=\"\" class=\"wp-image-603\" srcset=\"https:\/\/isc-cm.com\/wp-content\/uploads\/2025\/09\/img1.png 450w, https:\/\/isc-cm.com\/wp-content\/uploads\/2025\/09\/img1-225x300.png 225w\" sizes=\"(max-width: 450px) 100vw, 450px\" \/><\/figure>\n<\/div>\n\n\n\n<div class=\"wp-block-column is-layout-flow wp-block-column-is-layout-flow\">\n<figure class=\"wp-block-image size-full\"><img loading=\"lazy\" decoding=\"async\" width=\"605\" height=\"249\" src=\"https:\/\/isc-cm.com\/wp-content\/uploads\/2025\/09\/img2.png\" alt=\"\" class=\"wp-image-604\" srcset=\"https:\/\/isc-cm.com\/wp-content\/uploads\/2025\/09\/img2.png 605w, https:\/\/isc-cm.com\/wp-content\/uploads\/2025\/09\/img2-300x123.png 300w\" sizes=\"(max-width: 605px) 100vw, 605px\" \/><\/figure>\n<\/div>\n<\/div>\n<\/div>\n<\/div>\n<\/div>","protected":false},"excerpt":{"rendered":"<p>Nous vous accompagnons dans la lutte contre les d\u00e9perditions \u00e9nerg\u00e9tiques par la mise en \u0153uvre des techniques de calorifugeage.Nos \u00e9quipes qualifi\u00e9es et sp\u00e9cialis\u00e9es dans le domaine de l\u2019isolation thermique industrielle sont \u00e0 votre \u00e9coute pour tous vos projets de calorifuge de r\u00e9seau chaud, froid ou dans le cadre de la protection du personnel. Nous intervenons [&hellip;]<\/p>","protected":false},"author":1,"featured_media":0,"parent":0,"menu_order":0,"comment_status":"closed","ping_status":"closed","template":"","meta":{"_uag_custom_page_level_css":"","footnotes":""},"class_list":["post-469","page","type-page","status-publish","hentry"],"uagb_featured_image_src":{"full":false,"thumbnail":false,"medium":false,"medium_large":false,"large":false,"1536x1536":false,"2048x2048":false,"trp-custom-language-flag":false},"uagb_author_info":{"display_name":"admin","author_link":"https:\/\/isc-cm.com\/en\/author\/admin\/"},"uagb_comment_info":0,"uagb_excerpt":"Nous vous accompagnons dans la lutte contre les d\u00e9perditions \u00e9nerg\u00e9tiques par la mise en \u0153uvre des techniques de calorifugeage.Nos \u00e9quipes qualifi\u00e9es et sp\u00e9cialis\u00e9es dans le domaine de l\u2019isolation thermique industrielle sont \u00e0 votre \u00e9coute pour tous vos projets de calorifuge de r\u00e9seau chaud, froid ou dans le cadre de la protection du personnel. Nous intervenons&hellip;","_links":{"self":[{"href":"https:\/\/isc-cm.com\/en\/wp-json\/wp\/v2\/pages\/469","targetHints":{"allow":["GET"]}}],"collection":[{"href":"https:\/\/isc-cm.com\/en\/wp-json\/wp\/v2\/pages"}],"about":[{"href":"https:\/\/isc-cm.com\/en\/wp-json\/wp\/v2\/types\/page"}],"author":[{"embeddable":true,"href":"https:\/\/isc-cm.com\/en\/wp-json\/wp\/v2\/users\/1"}],"replies":[{"embeddable":true,"href":"https:\/\/isc-cm.com\/en\/wp-json\/wp\/v2\/comments?post=469"}],"version-history":[{"count":18,"href":"https:\/\/isc-cm.com\/en\/wp-json\/wp\/v2\/pages\/469\/revisions"}],"predecessor-version":[{"id":768,"href":"https:\/\/isc-cm.com\/en\/wp-json\/wp\/v2\/pages\/469\/revisions\/768"}],"wp:attachment":[{"href":"https:\/\/isc-cm.com\/en\/wp-json\/wp\/v2\/media?parent=469"}],"curies":[{"name":"wp","href":"https:\/\/api.w.org\/{rel}","templated":true}]}}