{"id":471,"date":"2025-09-17T11:56:18","date_gmt":"2025-09-17T09:56:18","guid":{"rendered":"https:\/\/isc-cm.com\/?page_id=471"},"modified":"2025-09-25T15:48:41","modified_gmt":"2025-09-25T13:48:41","slug":"reparation-composite","status":"publish","type":"page","link":"https:\/\/isc-cm.com\/en\/reparation-composite\/","title":{"rendered":"Composite repairs"},"content":{"rendered":"<div class=\"wp-block-cover alignfull\" style=\"min-height:350px;aspect-ratio:unset;\"><img fetchpriority=\"high\" decoding=\"async\" width=\"512\" height=\"268\" class=\"wp-block-cover__image-background wp-image-215 size-full\" alt=\"\" src=\"https:\/\/isc-cm.com\/wp-content\/uploads\/2025\/09\/about-page-2.png\" style=\"object-position:50% 72%\" data-object-fit=\"cover\" data-object-position=\"50% 72%\"\/><span aria-hidden=\"true\" class=\"wp-block-cover__background has-background-dim-40 has-background-dim\" style=\"background-color:#1b253d\"><\/span><div class=\"wp-block-cover__inner-container has-global-padding is-layout-constrained wp-container-core-cover-is-layout-4383d167 wp-block-cover-is-layout-constrained\">\n<div style=\"height:100px\" aria-hidden=\"true\" class=\"wp-block-spacer\"><\/div>\n\n\n\n<h2 class=\"wp-block-heading has-text-align-center has-text-color has-link-color has-cormorant-font-family wp-elements-e3cb2481ab2b21e39bef932d96e102af\" style=\"color:#ffffff;font-size:clamp(38.253px, 2.391rem + ((1vw - 3.2px) * 3.721), 71px);font-style:normal;font-weight:400;text-transform:uppercase\">Our Jobs<\/h2>\n<\/div><\/div>\n\n\n\n<div class=\"wp-block-cover alignfull is-light\" style=\"margin-top:0px;margin-bottom:0px;padding-top:0px;padding-bottom:0px\"><span aria-hidden=\"true\" class=\"wp-block-cover__background has-background-dim-20 has-background-dim\" style=\"background-color:#5656f6\"><\/span><div class=\"wp-block-cover__inner-container has-global-padding is-layout-constrained wp-container-core-cover-is-layout-dce2066c wp-block-cover-is-layout-constrained\">\n<div class=\"wp-block-columns is-layout-flex wp-container-core-columns-is-layout-0d0967b2 wp-block-columns-is-layout-flex\" style=\"margin-top:0px;padding-top:var(--wp--preset--spacing--50);padding-bottom:var(--wp--preset--spacing--50)\">\n<div class=\"wp-block-column is-layout-flow wp-container-core-column-is-layout-8a368f38 wp-block-column-is-layout-flow\" style=\"flex-basis:60%\">\n<figure class=\"wp-block-image size-full\"><img decoding=\"async\" width=\"896\" height=\"598\" src=\"https:\/\/isc-cm.com\/wp-content\/uploads\/2025\/09\/composite-repair.jpg\" alt=\"\" class=\"wp-image-119\" style=\"aspect-ratio:16\/9;object-fit:cover\"\/><\/figure>\n<\/div>\n\n\n\n<div class=\"wp-block-column is-vertically-aligned-center is-layout-flow wp-block-column-is-layout-flow\" style=\"padding-top:0;padding-right:0;padding-bottom:0;padding-left:0\">\n<h2 class=\"wp-block-heading has-text-align-center has-text-color\" style=\"color:#5656f6;margin-top:0;font-size:clamp(34.313px, 2.145rem + ((1vw - 3.2px) * 3.146), 62px);font-style:normal;font-weight:400;line-height:1\"><strong>Composite repairs<\/strong><\/h2>\n<\/div>\n<\/div>\n<\/div><\/div>\n\n\n\n<div class=\"wp-block-group alignwide has-global-padding is-layout-constrained wp-container-core-group-is-layout-575a0c97 wp-block-group-is-layout-constrained\" style=\"border-style:none;border-width:0px;min-height:0px;padding-top:0.6rem;padding-right:0;padding-bottom:0.6rem;padding-left:0\">\n<div class=\"wp-block-columns is-layout-flex wp-container-core-columns-is-layout-0debf45c wp-block-columns-is-layout-flex\" style=\"margin-top:0;margin-bottom:0;padding-right:0;padding-left:0\">\n<div class=\"wp-block-column is-layout-flow wp-block-column-is-layout-flow\" style=\"padding-right:0;padding-left:0;flex-basis:1200px\">\n<div class=\"wp-block-group has-global-padding is-content-justification-center is-layout-constrained wp-container-core-group-is-layout-ffbc8a2e wp-block-group-is-layout-constrained\" style=\"padding-top:0;padding-right:0;padding-bottom:0;padding-left:0\">\n<p class=\"has-text-color has-link-color wp-elements-599fdf91d70966843122d076dc0924c7\" style=\"color:#1f1f1f;font-size:clamp(14px, 0.875rem + ((1vw - 3.2px) * 0.455), 18px);\">Equipment (tanks, pipes, etc.), even when protected, are prone to environmental attacks that can alter their performance and eventually their integrity. After analysing your needs and industrial environment, we offer to solve problems such as :<\/p>\n\n\n\n<div class=\"wp-block-columns alignwide is-layout-flex wp-container-core-columns-is-layout-aca22cf8 wp-block-columns-is-layout-flex\">\n<div class=\"wp-block-column is-layout-flow wp-container-core-column-is-layout-8c854d3a wp-block-column-is-layout-flow\" style=\"padding-top:var(--wp--preset--spacing--30);padding-right:0;padding-bottom:2rem;padding-left:var(--wp--preset--spacing--40);flex-basis:40%\">\n<ul class=\"wp-block-list\">\n<li>Internal and external corrosion<\/li>\n\n\n\n<li>Leakage under load and tranversal defects<\/li>\n\n\n\n<li>Erosion, abrasion and cavitation<\/li>\n<\/ul>\n<\/div>\n\n\n\n<div class=\"wp-block-column is-layout-flow wp-container-core-column-is-layout-6f25ff4b wp-block-column-is-layout-flow\" style=\"padding-top:var(--wp--preset--spacing--30);padding-right:0;padding-bottom:2rem;padding-left:0;flex-basis:60%\">\n<ul class=\"wp-block-list\">\n<li>Damage to large metal structures such as bridges, tanks, roofs and floors<\/li>\n\n\n\n<li>Damage to complex geometries in tanks and pipework, including pipe bends, tees and flanges<\/li>\n<\/ul>\n<\/div>\n<\/div>\n<\/div>\n<\/div>\n<\/div>\n\n\n\n<div class=\"wp-block-columns is-layout-flex wp-container-core-columns-is-layout-0debf45c wp-block-columns-is-layout-flex\" style=\"margin-top:0;margin-bottom:0;padding-right:0;padding-left:0\">\n<div class=\"wp-block-column is-layout-flow wp-block-column-is-layout-flow\" style=\"padding-right:0;padding-left:0;flex-basis:1200px\">\n<div class=\"wp-block-group has-global-padding is-content-justification-center is-layout-constrained wp-container-core-group-is-layout-ffbc8a2e wp-block-group-is-layout-constrained\" style=\"padding-top:0;padding-right:0;padding-bottom:0;padding-left:0\">\n<p class=\"has-text-color has-link-color wp-elements-e6b530e8eeb2482b8da527c279e1b2eb\" style=\"color:#1f1f1f;font-size:clamp(14px, 0.875rem + ((1vw - 3.2px) * 0.455), 18px);\">Our solutions are suitable for almost all industries and are compatible with a wide range of operational and process constraints such as : temperature and pressure constraints, acidic and basic environments, mechanical constraints like abrasion and\/or erosion. Three main techniques are used :<\/p>\n\n\n\n<div class=\"wp-block-columns alignwide is-layout-flex wp-container-core-columns-is-layout-aca22cf8 wp-block-columns-is-layout-flex\">\n<div class=\"wp-block-column is-layout-flow wp-container-core-column-is-layout-8c854d3a wp-block-column-is-layout-flow\" style=\"padding-top:var(--wp--preset--spacing--30);padding-right:0;padding-bottom:2rem;padding-left:var(--wp--preset--spacing--40);flex-basis:40%\">\n<ul class=\"wp-block-list\">\n<li>Reconstruction by machinable resin<\/li>\n\n\n\n<li>Cold bonding reinforcement<\/li>\n<\/ul>\n<\/div>\n\n\n\n<div class=\"wp-block-column is-layout-flow wp-container-core-column-is-layout-5ec18424 wp-block-column-is-layout-flow\" style=\"padding-top:0;padding-right:0;padding-bottom:0rem;padding-left:0;flex-basis:60%\">\n<ul class=\"wp-block-list\">\n<li>wrapping (fibreglass and composite resin) in accordance with ASME PCC-2 or ISO 24817 for equipment under pressure<\/li>\n<\/ul>\n<\/div>\n<\/div>\n<\/div>\n<\/div>\n<\/div>\n\n\n\n<div class=\"wp-block-columns is-layout-flex wp-container-core-columns-is-layout-3aa6810f wp-block-columns-is-layout-flex\" style=\"padding-right:10rem;padding-left:10rem\">\n<div class=\"wp-block-column is-layout-flow wp-block-column-is-layout-flow\" style=\"flex-basis:35%\">\n<figure class=\"wp-block-image size-full\"><img decoding=\"async\" width=\"605\" height=\"764\" src=\"https:\/\/isc-cm.com\/wp-content\/uploads\/2025\/09\/im1.png\" alt=\"\" class=\"wp-image-637\" srcset=\"https:\/\/isc-cm.com\/wp-content\/uploads\/2025\/09\/im1.png 605w, https:\/\/isc-cm.com\/wp-content\/uploads\/2025\/09\/im1-238x300.png 238w\" sizes=\"(max-width: 605px) 100vw, 605px\" \/><\/figure>\n<\/div>\n\n\n\n<div class=\"wp-block-column is-layout-flow wp-block-column-is-layout-flow\">\n<figure class=\"wp-block-image size-full\"><img loading=\"lazy\" decoding=\"async\" width=\"400\" height=\"267\" src=\"https:\/\/isc-cm.com\/wp-content\/uploads\/2025\/09\/im2.png\" alt=\"\" class=\"wp-image-639\" srcset=\"https:\/\/isc-cm.com\/wp-content\/uploads\/2025\/09\/im2.png 400w, https:\/\/isc-cm.com\/wp-content\/uploads\/2025\/09\/im2-300x200.png 300w\" sizes=\"(max-width: 400px) 100vw, 400px\" \/><\/figure>\n<\/div>\n<\/div>\n<\/div>\n\n\n\n<div style=\"height:49px\" aria-hidden=\"true\" class=\"wp-block-spacer\"><\/div>","protected":false},"excerpt":{"rendered":"<p>Les \u00e9quipements (cuves, tuyaux, etc\u2026) ,m\u00eame prot\u00e9g\u00e9s subissent des attaques dues \u00e0 l\u2019environnement pouvant alt\u00e9rer leur performance et \u00e9ventuellement leurs int\u00e9grit\u00e9. Apr\u00e8s analyse de votre besoin et environnement industriel, nous nous proposons de palier aux probl\u00e9matiques du type : Nos solutions sont adapt\u00e9es \u00e0 la quasi-totalit\u00e9 des industries, elles sont compatibles avec un large panel [&hellip;]<\/p>","protected":false},"author":1,"featured_media":0,"parent":0,"menu_order":0,"comment_status":"closed","ping_status":"closed","template":"","meta":{"_uag_custom_page_level_css":"","footnotes":""},"class_list":["post-471","page","type-page","status-publish","hentry"],"uagb_featured_image_src":{"full":false,"thumbnail":false,"medium":false,"medium_large":false,"large":false,"1536x1536":false,"2048x2048":false,"trp-custom-language-flag":false},"uagb_author_info":{"display_name":"admin","author_link":"https:\/\/isc-cm.com\/en\/author\/admin\/"},"uagb_comment_info":0,"uagb_excerpt":"Les \u00e9quipements (cuves, tuyaux, etc\u2026) ,m\u00eame prot\u00e9g\u00e9s subissent des attaques dues \u00e0 l\u2019environnement pouvant alt\u00e9rer leur performance et \u00e9ventuellement leurs int\u00e9grit\u00e9. Apr\u00e8s analyse de votre besoin et environnement industriel, nous nous proposons de palier aux probl\u00e9matiques du type : Nos solutions sont adapt\u00e9es \u00e0 la quasi-totalit\u00e9 des industries, elles sont compatibles avec un large panel&hellip;","_links":{"self":[{"href":"https:\/\/isc-cm.com\/en\/wp-json\/wp\/v2\/pages\/471","targetHints":{"allow":["GET"]}}],"collection":[{"href":"https:\/\/isc-cm.com\/en\/wp-json\/wp\/v2\/pages"}],"about":[{"href":"https:\/\/isc-cm.com\/en\/wp-json\/wp\/v2\/types\/page"}],"author":[{"embeddable":true,"href":"https:\/\/isc-cm.com\/en\/wp-json\/wp\/v2\/users\/1"}],"replies":[{"embeddable":true,"href":"https:\/\/isc-cm.com\/en\/wp-json\/wp\/v2\/comments?post=471"}],"version-history":[{"count":54,"href":"https:\/\/isc-cm.com\/en\/wp-json\/wp\/v2\/pages\/471\/revisions"}],"predecessor-version":[{"id":780,"href":"https:\/\/isc-cm.com\/en\/wp-json\/wp\/v2\/pages\/471\/revisions\/780"}],"wp:attachment":[{"href":"https:\/\/isc-cm.com\/en\/wp-json\/wp\/v2\/media?parent=471"}],"curies":[{"name":"wp","href":"https:\/\/api.w.org\/{rel}","templated":true}]}}