{"id":473,"date":"2025-09-17T11:56:44","date_gmt":"2025-09-17T09:56:44","guid":{"rendered":"https:\/\/isc-cm.com\/?page_id=473"},"modified":"2025-09-23T14:09:54","modified_gmt":"2025-09-23T12:09:54","slug":"travaux-en-hauteur-et-dacces-difficile","status":"publish","type":"page","link":"https:\/\/isc-cm.com\/en\/travaux-en-hauteur-et-dacces-difficile\/","title":{"rendered":"Work at height and difficult access areas"},"content":{"rendered":"<div class=\"wp-block-cover alignfull\" style=\"min-height:350px;aspect-ratio:unset;\"><img fetchpriority=\"high\" decoding=\"async\" width=\"512\" height=\"268\" class=\"wp-block-cover__image-background wp-image-215 size-full\" alt=\"\" src=\"https:\/\/isc-cm.com\/wp-content\/uploads\/2025\/09\/about-page-2.png\" style=\"object-position:53% 78%\" data-object-fit=\"cover\" data-object-position=\"53% 78%\"\/><span aria-hidden=\"true\" class=\"wp-block-cover__background has-background-dim-40 has-background-dim\" style=\"background-color:#1b253d\"><\/span><div class=\"wp-block-cover__inner-container has-global-padding is-layout-constrained wp-container-core-cover-is-layout-4383d167 wp-block-cover-is-layout-constrained\">\n<div style=\"height:100px\" aria-hidden=\"true\" class=\"wp-block-spacer\"><\/div>\n\n\n\n<h2 class=\"wp-block-heading has-text-align-center has-text-color has-link-color has-cormorant-font-family wp-elements-e3cb2481ab2b21e39bef932d96e102af\" style=\"color:#ffffff;font-size:clamp(38.253px, 2.391rem + ((1vw - 3.2px) * 3.721), 71px);font-style:normal;font-weight:400;text-transform:uppercase\">Our Jobs<\/h2>\n<\/div><\/div>\n\n\n\n<div class=\"wp-block-cover alignfull is-light\" style=\"margin-top:0px;margin-bottom:0px;padding-top:45px;padding-bottom:45px\"><span aria-hidden=\"true\" class=\"wp-block-cover__background has-background-dim-20 has-background-dim\" style=\"background-color:#5656f6\"><\/span><div class=\"wp-block-cover__inner-container has-global-padding is-layout-constrained wp-container-core-cover-is-layout-914881bd wp-block-cover-is-layout-constrained\">\n<div class=\"wp-block-columns is-layout-flex wp-container-core-columns-is-layout-1b0a173c wp-block-columns-is-layout-flex\" style=\"margin-top:7px\">\n<div class=\"wp-block-column is-layout-flow wp-container-core-column-is-layout-8a368f38 wp-block-column-is-layout-flow\" style=\"flex-basis:60%\">\n<figure class=\"wp-block-image size-full\"><img decoding=\"async\" width=\"912\" height=\"684\" src=\"https:\/\/isc-cm.com\/wp-content\/uploads\/2025\/09\/dernier-image.jpg\" alt=\"\" class=\"wp-image-238\" style=\"aspect-ratio:16\/9;object-fit:cover\"\/><\/figure>\n<\/div>\n\n\n\n<div class=\"wp-block-column is-vertically-aligned-center is-layout-flow wp-block-column-is-layout-flow\">\n<h2 class=\"wp-block-heading has-text-align-center has-text-color\" style=\"color:#5656f6;margin-top:0;font-size:clamp(33.419px, 2.089rem + ((1vw - 3.2px) * 3.021), 60px);font-style:normal;font-weight:400;line-height:1\"><strong>Work at height and difficult access areas<\/strong><\/h2>\n<\/div>\n<\/div>\n<\/div><\/div>\n\n\n\n<section class=\"wp-block-group alignfull has-text-color has-global-padding is-layout-constrained wp-container-core-group-is-layout-5047ac65 wp-block-group-is-layout-constrained\" style=\"color:#3e3e3e;margin-top:0px;padding-top:0rem;padding-right:var(--wp--preset--spacing--30);padding-bottom:0rem;padding-left:var(--wp--preset--spacing--40);font-size:clamp(0.929rem, 0.929rem + ((1vw - 0.2rem) * 0.856), 1.4rem);font-style:normal;font-weight:400;line-height:1.4\">\n<div class=\"wp-block-columns is-layout-flex wp-container-core-columns-is-layout-7116f169 wp-block-columns-is-layout-flex\" style=\"margin-bottom:0px\">\n<div class=\"wp-block-column is-layout-flow wp-block-column-is-layout-flow\" style=\"padding-right:8%\">\n<div class=\"wp-block-group has-global-padding is-content-justification-left is-layout-constrained wp-container-core-group-is-layout-b45bb346 wp-block-group-is-layout-constrained\">\n<p class=\"has-text-align-left has-text-color\" style=\"color:#3d3d3d;margin-top:0px;margin-bottom:0rem;font-size:clamp(0.875rem, 0.875rem + ((1vw - 0.2rem) * 0.591), 1.2rem);font-style:normal;font-weight:400;line-height:1.6\"><br>Our teams of professional (IRATA\u00ae certified) and experienced rope access technicians implement various access techniques for many industrial sectors in full compliance with safety standards.<\/p>\n\n\n\n<p class=\"has-text-align-left has-text-color\" style=\"color:#3d3d3d;margin-top:0px;margin-bottom:0rem;font-size:clamp(0.875rem, 0.875rem + ((1vw - 0.2rem) * 0.591), 1.2rem);font-style:normal;font-weight:400;line-height:1.6\"><br>We work in challenging industrial environments. Our skills enable us to respond quickly and efficiently to your industrial maintenance requests requiring access at height.<\/p>\n\n\n\n<p class=\"has-text-align-left has-text-color\" style=\"color:#3d3d3d;margin-top:0px;margin-bottom:0rem;font-size:clamp(0.875rem, 0.875rem + ((1vw - 0.2rem) * 0.591), 1.2rem);font-style:normal;font-weight:400;line-height:1.6\"><br>We are able to provide the following services :<\/p>\n<\/div>\n\n\n\n<div class=\"wp-block-columns is-layout-flex wp-container-core-columns-is-layout-28f84493 wp-block-columns-is-layout-flex\">\n<div class=\"wp-block-column is-layout-flow wp-block-column-is-layout-flow\">\n<ul class=\"wp-block-list\">\n<li>Inspection and control (visual, ultrasound, etc.) with photographs and video reports<\/li>\n\n\n\n<li>Cleaning work<\/li>\n\n\n\n<li>Interventions in confined areas (chimney, silo, etc.)<\/li>\n<\/ul>\n<\/div>\n\n\n\n<div class=\"wp-block-column is-layout-flow wp-block-column-is-layout-flow\">\n<ul class=\"wp-block-list\">\n<li>General maintenance (boiler making and welding, surface preparation and painting, etc.)<\/li>\n\n\n\n<li>Electrical work (installation and maintenance of lightning arrestors, cable pulling, etc.)<\/li>\n<\/ul>\n<\/div>\n<\/div>\n<\/div>\n<\/div>\n<\/section>","protected":false},"excerpt":{"rendered":"<p>Nos d\u2019\u00e9quipes de Cordistes professionnels (certifi\u00e9es IRATA\u00ae) et exp\u00e9riment\u00e9s mettent en \u0153uvre diverses techniques d\u2019acc\u00e8s pour de nombreux secteurs industriel dans le plus grand respect des normes de s\u00e9curit\u00e9. Nous r\u00e9alisons des interventions dans des milieux industriels exigeants. Nos comp\u00e9tences nous permettent de r\u00e9pondre efficacement et rapidement \u00e0 vos demandes de maintenance industrielle n\u00e9cessitant un [&hellip;]<\/p>","protected":false},"author":1,"featured_media":0,"parent":0,"menu_order":0,"comment_status":"closed","ping_status":"closed","template":"","meta":{"_uag_custom_page_level_css":"","footnotes":""},"class_list":["post-473","page","type-page","status-publish","hentry"],"uagb_featured_image_src":{"full":false,"thumbnail":false,"medium":false,"medium_large":false,"large":false,"1536x1536":false,"2048x2048":false,"trp-custom-language-flag":false},"uagb_author_info":{"display_name":"admin","author_link":"https:\/\/isc-cm.com\/en\/author\/admin\/"},"uagb_comment_info":0,"uagb_excerpt":"Nos d\u2019\u00e9quipes de Cordistes professionnels (certifi\u00e9es IRATA\u00ae) et exp\u00e9riment\u00e9s mettent en \u0153uvre diverses techniques d\u2019acc\u00e8s pour de nombreux secteurs industriel dans le plus grand respect des normes de s\u00e9curit\u00e9. Nous r\u00e9alisons des interventions dans des milieux industriels exigeants. Nos comp\u00e9tences nous permettent de r\u00e9pondre efficacement et rapidement \u00e0 vos demandes de maintenance industrielle n\u00e9cessitant un&hellip;","_links":{"self":[{"href":"https:\/\/isc-cm.com\/en\/wp-json\/wp\/v2\/pages\/473","targetHints":{"allow":["GET"]}}],"collection":[{"href":"https:\/\/isc-cm.com\/en\/wp-json\/wp\/v2\/pages"}],"about":[{"href":"https:\/\/isc-cm.com\/en\/wp-json\/wp\/v2\/types\/page"}],"author":[{"embeddable":true,"href":"https:\/\/isc-cm.com\/en\/wp-json\/wp\/v2\/users\/1"}],"replies":[{"embeddable":true,"href":"https:\/\/isc-cm.com\/en\/wp-json\/wp\/v2\/comments?post=473"}],"version-history":[{"count":15,"href":"https:\/\/isc-cm.com\/en\/wp-json\/wp\/v2\/pages\/473\/revisions"}],"predecessor-version":[{"id":693,"href":"https:\/\/isc-cm.com\/en\/wp-json\/wp\/v2\/pages\/473\/revisions\/693"}],"wp:attachment":[{"href":"https:\/\/isc-cm.com\/en\/wp-json\/wp\/v2\/media?parent=473"}],"curies":[{"name":"wp","href":"https:\/\/api.w.org\/{rel}","templated":true}]}}